{"id":2311,"date":"2021-03-05T13:23:15","date_gmt":"2021-03-05T12:23:15","guid":{"rendered":"https:\/\/villaeugene.fr\/?page_id=2311"},"modified":"2025-11-25T17:10:03","modified_gmt":"2025-11-25T16:10:03","slug":"zu-tisch","status":"publish","type":"page","link":"https:\/\/villaeugene.fr\/de\/zu-tisch\/","title":{"rendered":"Zu Tisch"},"content":{"rendered":"\t\t<div data-elementor-type=\"wp-page\" data-elementor-id=\"2311\" class=\"elementor elementor-2311\" data-elementor-post-type=\"page\">\n\t\t\t\t\t\t<section class=\"elementor-section elementor-top-section elementor-element elementor-element-ebfb601 elementor-section-full_width elementor-section-height-default elementor-section-height-default\" data-id=\"ebfb601\" data-element_type=\"section\" data-e-type=\"section\">\n\t\t\t\t\t\t<div class=\"elementor-container elementor-column-gap-default\">\n\t\t\t\t\t<div class=\"elementor-column elementor-col-100 elementor-top-column elementor-element elementor-element-13854c8\" data-id=\"13854c8\" data-element_type=\"column\" data-e-type=\"column\">\n\t\t\t<div class=\"elementor-widget-wrap elementor-element-populated\">\n\t\t\t\t\t\t<div class=\"elementor-element elementor-element-4776137 elementor--h-position-center elementor--v-position-middle elementor-arrows-position-inside elementor-pagination-position-inside elementor-widget elementor-widget-slides\" data-id=\"4776137\" data-element_type=\"widget\" data-e-type=\"widget\" data-settings=\"{&quot;navigation&quot;:&quot;both&quot;,&quot;autoplay&quot;:&quot;yes&quot;,&quot;pause_on_hover&quot;:&quot;yes&quot;,&quot;pause_on_interaction&quot;:&quot;yes&quot;,&quot;autoplay_speed&quot;:5000,&quot;infinite&quot;:&quot;yes&quot;,&quot;transition&quot;:&quot;slide&quot;,&quot;transition_speed&quot;:500}\" data-widget_type=\"slides.default\">\n\t\t\t\t<div class=\"elementor-widget-container\">\n\t\t\t\t\t\t\t\t\t<div class=\"elementor-swiper\">\n\t\t\t\t\t<div class=\"elementor-slides-wrapper elementor-main-swiper swiper\" role=\"region\" aria-roledescription=\"carousel\" aria-label=\"Diapositives\" dir=\"ltr\" data-animation=\"fadeInUp\">\n\t\t\t\t<div class=\"swiper-wrapper elementor-slides\">\n\t\t\t\t\t\t\t\t\t\t<div class=\"elementor-repeater-item-2c0f812 swiper-slide\" role=\"group\" aria-roledescription=\"slide\"><div class=\"swiper-slide-bg\" role=\"img\" aria-label=\"villa eugene maison hotes la bresse vosges\"><\/div><div class=\"elementor-background-overlay\"><\/div><div class=\"swiper-slide-inner\" ><div class=\"swiper-slide-contents\"><\/div><\/div><\/div>\t\t\t\t<\/div>\n\t\t\t\t\t\t\t<\/div>\n\t\t\t\t<\/div>\n\t\t\t\t\t\t\t\t<\/div>\n\t\t\t\t<\/div>\n\t\t\t\t\t<\/div>\n\t\t<\/div>\n\t\t\t\t\t<\/div>\n\t\t<\/section>\n\t\t\t\t<section class=\"elementor-section elementor-top-section elementor-element elementor-element-884496c elementor-section-boxed elementor-section-height-default elementor-section-height-default\" data-id=\"884496c\" data-element_type=\"section\" data-e-type=\"section\">\n\t\t\t\t\t\t<div class=\"elementor-container elementor-column-gap-default\">\n\t\t\t\t\t<div class=\"elementor-column elementor-col-100 elementor-top-column elementor-element elementor-element-aa0a7d1\" data-id=\"aa0a7d1\" data-element_type=\"column\" data-e-type=\"column\">\n\t\t\t<div class=\"elementor-widget-wrap elementor-element-populated\">\n\t\t\t\t\t\t<div class=\"elementor-element elementor-element-805b494 elementor-widget elementor-widget-heading\" data-id=\"805b494\" data-element_type=\"widget\" data-e-type=\"widget\" data-widget_type=\"heading.default\">\n\t\t\t\t<div class=\"elementor-widget-container\">\n\t\t\t\t\t<div class=\"elementor-heading-title elementor-size-default\">Geteilte Freude &amp; Geselligkeit rund um gute Produkte.<\/div>\t\t\t\t<\/div>\n\t\t\t\t<\/div>\n\t\t\t\t<div class=\"elementor-element elementor-element-cc268fc elementor-widget elementor-widget-heading\" data-id=\"cc268fc\" data-element_type=\"widget\" data-e-type=\"widget\" data-widget_type=\"heading.default\">\n\t\t\t\t<div class=\"elementor-widget-container\">\n\t\t\t\t\t<h1 class=\"elementor-heading-title elementor-size-default\">Table D'h\u00f4tes Und Bed &amp; Breakfast Uns La Bresse<\/h1>\t\t\t\t<\/div>\n\t\t\t\t<\/div>\n\t\t\t\t<div class=\"elementor-element elementor-element-d3bacd3 elementor-widget elementor-widget-text-editor\" data-id=\"d3bacd3\" data-element_type=\"widget\" data-e-type=\"widget\" data-widget_type=\"text-editor.default\">\n\t\t\t\t<div class=\"elementor-widget-container\">\n\t\t\t\t\t\t\t\t\t<p>Der ger\u00e4umige Speisesaal mit den interessanten Zierleisten empf\u00e4ngt Sie zum Fr\u00fchst\u00fcck und Abendessen an der gro\u00dfen Familientafel.<\/p>\t\t\t\t\t\t\t\t<\/div>\n\t\t\t\t<\/div>\n\t\t\t\t<section class=\"elementor-section elementor-inner-section elementor-element elementor-element-ef75d5e elementor-section-boxed elementor-section-height-default elementor-section-height-default\" data-id=\"ef75d5e\" data-element_type=\"section\" data-e-type=\"section\">\n\t\t\t\t\t\t<div class=\"elementor-container elementor-column-gap-default\">\n\t\t\t\t\t<div class=\"elementor-column elementor-col-33 elementor-inner-column elementor-element elementor-element-cadca9e\" data-id=\"cadca9e\" data-element_type=\"column\" data-e-type=\"column\">\n\t\t\t<div class=\"elementor-widget-wrap elementor-element-populated\">\n\t\t\t\t\t\t<div class=\"elementor-element elementor-element-733836a elementor-widget elementor-widget-text-editor\" data-id=\"733836a\" data-element_type=\"widget\" data-e-type=\"widget\" data-widget_type=\"text-editor.default\">\n\t\t\t\t<div class=\"elementor-widget-container\">\n\t\t\t\t\t\t\t\t\t<p><strong style=\"font-size: 28px;\">33\u20ac*<\/strong> Erwachsene<\/p>\t\t\t\t\t\t\t\t<\/div>\n\t\t\t\t<\/div>\n\t\t\t\t\t<\/div>\n\t\t<\/div>\n\t\t\t\t<div class=\"elementor-column elementor-col-33 elementor-inner-column elementor-element elementor-element-65dc19b\" data-id=\"65dc19b\" data-element_type=\"column\" data-e-type=\"column\">\n\t\t\t<div class=\"elementor-widget-wrap elementor-element-populated\">\n\t\t\t\t\t\t<div class=\"elementor-element elementor-element-5c393a9 elementor-widget elementor-widget-text-editor\" data-id=\"5c393a9\" data-element_type=\"widget\" data-e-type=\"widget\" data-widget_type=\"text-editor.default\">\n\t\t\t\t<div class=\"elementor-widget-container\">\n\t\t\t\t\t\t\t\t\t<p><strong style=\"font-size: 28px;\">19,50\u20ac*<\/strong> Kind 7\/13<\/p>\t\t\t\t\t\t\t\t<\/div>\n\t\t\t\t<\/div>\n\t\t\t\t\t<\/div>\n\t\t<\/div>\n\t\t\t\t<div class=\"elementor-column elementor-col-33 elementor-inner-column elementor-element elementor-element-01fc2e7\" data-id=\"01fc2e7\" data-element_type=\"column\" data-e-type=\"column\">\n\t\t\t<div class=\"elementor-widget-wrap elementor-element-populated\">\n\t\t\t\t\t\t<div class=\"elementor-element elementor-element-fdc3f14 elementor-widget elementor-widget-text-editor\" data-id=\"fdc3f14\" data-element_type=\"widget\" data-e-type=\"widget\" data-widget_type=\"text-editor.default\">\n\t\t\t\t<div class=\"elementor-widget-container\">\n\t\t\t\t\t\t\t\t\t<p><strong style=\"font-size: 28px;\">14,50\u20ac*<\/strong> Kind 3\/6\u00a0<\/p>\t\t\t\t\t\t\t\t<\/div>\n\t\t\t\t<\/div>\n\t\t\t\t\t<\/div>\n\t\t<\/div>\n\t\t\t\t\t<\/div>\n\t\t<\/section>\n\t\t\t\t<div class=\"elementor-element elementor-element-0c0f41e elementor-widget elementor-widget-text-editor\" data-id=\"0c0f41e\" data-element_type=\"widget\" data-e-type=\"widget\" data-widget_type=\"text-editor.default\">\n\t\t\t\t<div class=\"elementor-widget-container\">\n\t\t\t\t\t\t\t\t\t<p><strong>Mahlzeiten f\u00fcr Kinder unter 3 Jahren angeboten<\/strong><br \/><strong>Abendessen auf Reservierung<\/strong><br \/><strong>* Aperitif, Wein und Kaffee inklusive<\/strong><\/p>\t\t\t\t\t\t\t\t<\/div>\n\t\t\t\t<\/div>\n\t\t\t\t\t<\/div>\n\t\t<\/div>\n\t\t\t\t\t<\/div>\n\t\t<\/section>\n\t\t\t\t<section class=\"elementor-section elementor-top-section elementor-element elementor-element-e817f0a elementor-section-full_width elementor-section-height-default elementor-section-height-default\" data-id=\"e817f0a\" data-element_type=\"section\" data-e-type=\"section\">\n\t\t\t\t\t\t<div class=\"elementor-container elementor-column-gap-default\">\n\t\t\t\t\t<div class=\"elementor-column elementor-col-50 elementor-top-column elementor-element elementor-element-f137a75\" data-id=\"f137a75\" data-element_type=\"column\" data-e-type=\"column\" data-settings=\"{&quot;background_background&quot;:&quot;slideshow&quot;,&quot;background_slideshow_gallery&quot;:[{&quot;id&quot;:1179,&quot;url&quot;:&quot;https:\\\/\\\/villaeugene.fr\\\/wp-content\\\/files\\\/2020\\\/02\\\/villa-eugene-maison-hotes-la-bresse-vosges-338.jpg&quot;},{&quot;id&quot;:1171,&quot;url&quot;:&quot;https:\\\/\\\/villaeugene.fr\\\/wp-content\\\/files\\\/2020\\\/02\\\/villa-eugene-maison-hotes-la-bresse-vosges-335.jpg&quot;},{&quot;id&quot;:1169,&quot;url&quot;:&quot;https:\\\/\\\/villaeugene.fr\\\/wp-content\\\/files\\\/2020\\\/02\\\/villa-eugene-maison-hotes-la-bresse-vosges-333.jpg&quot;},{&quot;id&quot;:1168,&quot;url&quot;:&quot;https:\\\/\\\/villaeugene.fr\\\/wp-content\\\/files\\\/2020\\\/02\\\/villa-eugene-maison-hotes-la-bresse-vosges-332.jpg&quot;},{&quot;id&quot;:1170,&quot;url&quot;:&quot;https:\\\/\\\/villaeugene.fr\\\/wp-content\\\/files\\\/2020\\\/02\\\/villa-eugene-maison-hotes-la-bresse-vosges-334.jpg&quot;}],&quot;background_slideshow_slide_duration&quot;:3000,&quot;background_slideshow_loop&quot;:&quot;yes&quot;,&quot;background_slideshow_slide_transition&quot;:&quot;fade&quot;,&quot;background_slideshow_transition_duration&quot;:500}\">\n\t\t\t<div class=\"elementor-widget-wrap elementor-element-populated\">\n\t\t\t\t\t\t<div class=\"elementor-element elementor-element-56f46e9 elementor-widget elementor-widget-spacer\" data-id=\"56f46e9\" data-element_type=\"widget\" data-e-type=\"widget\" data-widget_type=\"spacer.default\">\n\t\t\t\t<div class=\"elementor-widget-container\">\n\t\t\t\t\t\t\t<div class=\"elementor-spacer\">\n\t\t\t<div class=\"elementor-spacer-inner\"><\/div>\n\t\t<\/div>\n\t\t\t\t\t\t<\/div>\n\t\t\t\t<\/div>\n\t\t\t\t\t<\/div>\n\t\t<\/div>\n\t\t\t\t<div class=\"elementor-column elementor-col-50 elementor-top-column elementor-element elementor-element-213bcd0\" data-id=\"213bcd0\" data-element_type=\"column\" data-e-type=\"column\">\n\t\t\t<div class=\"elementor-widget-wrap elementor-element-populated\">\n\t\t\t\t\t\t<div class=\"elementor-element elementor-element-5ba35c5 elementor-widget elementor-widget-heading\" data-id=\"5ba35c5\" data-element_type=\"widget\" data-e-type=\"widget\" data-widget_type=\"heading.default\">\n\t\t\t\t<div class=\"elementor-widget-container\">\n\t\t\t\t\t<h2 class=\"elementor-heading-title elementor-size-default\">Das Vergn\u00fcgen eines guten Fr\u00fchst\u00fccks nach einer erholsamen Nacht<\/h2>\t\t\t\t<\/div>\n\t\t\t\t<\/div>\n\t\t\t\t<div class=\"elementor-element elementor-element-c562977 elementor-widget elementor-widget-text-editor\" data-id=\"c562977\" data-element_type=\"widget\" data-e-type=\"widget\" data-widget_type=\"text-editor.default\">\n\t\t\t\t<div class=\"elementor-widget-container\">\n\t\t\t\t\t\t\t\t\t<p>Damit Sie den Tag gut beginnen k\u00f6nnen, servieren wir Ihnen ein kontinentales Schlemmerfr\u00fchst\u00fcck. Hier einige der Produkte, die wir Ihnen bieten:<\/p><ul><li>Verschiedene Teesorten, Kr\u00e4utertees, Kaffee oder hei\u00dfe Schokolade<\/li><li>La Moselotte, eine k\u00f6stliche Baguette aus dem Mehl der Janot-M\u00fchlen in Savigny (Vogesen)<\/li><li>Feingeb\u00e4ck und kleine hausgemachte S\u00fc\u00dfigkeiten<\/li><li>Hausgemachte Konfit\u00fcren<\/li><li>Honig aus handwerklicher Herstellung<\/li><li>Orangensaft und einen Obstkorb, damit Sie Ihren Vitaminbedarf decken k\u00f6nnen<\/li><li>Cerealien und Trockenfr\u00fcchte<\/li><li>Bio-Joghurt und Milch.<\/li><\/ul><p>Das Fr\u00fchst\u00fcck ist im Zimmerpreis enthalten.<\/p>\t\t\t\t\t\t\t\t<\/div>\n\t\t\t\t<\/div>\n\t\t\t\t\t<\/div>\n\t\t<\/div>\n\t\t\t\t\t<\/div>\n\t\t<\/section>\n\t\t\t\t<section class=\"elementor-section elementor-top-section elementor-element elementor-element-def6d56 elementor-section-full_width elementor-section-height-default elementor-section-height-default\" data-id=\"def6d56\" data-element_type=\"section\" data-e-type=\"section\">\n\t\t\t\t\t\t<div class=\"elementor-container elementor-column-gap-default\">\n\t\t\t\t\t<div class=\"elementor-column elementor-col-100 elementor-top-column elementor-element elementor-element-2276a6a\" data-id=\"2276a6a\" data-element_type=\"column\" data-e-type=\"column\" data-settings=\"{&quot;background_background&quot;:&quot;classic&quot;}\">\n\t\t\t<div class=\"elementor-widget-wrap elementor-element-populated\">\n\t\t\t\t\t\t<div class=\"elementor-element elementor-element-85a5c4f elementor-widget elementor-widget-text-editor\" data-id=\"85a5c4f\" data-element_type=\"widget\" data-e-type=\"widget\" data-widget_type=\"text-editor.default\">\n\t\t\t\t<div class=\"elementor-widget-container\">\n\t\t\t\t\t\t\t\t\tProbieren Sie einige der emblematischen Gerichte der Vogesen in La Villa Eug\u00e8ne\t\t\t\t\t\t\t\t<\/div>\n\t\t\t\t<\/div>\n\t\t\t\t\t<\/div>\n\t\t<\/div>\n\t\t\t\t\t<\/div>\n\t\t<\/section>\n\t\t\t\t<section class=\"elementor-section elementor-top-section elementor-element elementor-element-ce2ba1a elementor-section-full_width elementor-section-height-default elementor-section-height-default\" data-id=\"ce2ba1a\" data-element_type=\"section\" data-e-type=\"section\">\n\t\t\t\t\t\t<div class=\"elementor-container elementor-column-gap-default\">\n\t\t\t\t\t<div class=\"elementor-column elementor-col-50 elementor-top-column elementor-element elementor-element-ef24757\" data-id=\"ef24757\" data-element_type=\"column\" data-e-type=\"column\">\n\t\t\t<div class=\"elementor-widget-wrap elementor-element-populated\">\n\t\t\t\t\t\t<div class=\"elementor-element elementor-element-4d7484d elementor-widget elementor-widget-heading\" data-id=\"4d7484d\" data-element_type=\"widget\" data-e-type=\"widget\" data-widget_type=\"heading.default\">\n\t\t\t\t<div class=\"elementor-widget-container\">\n\t\t\t\t\t<h2 class=\"elementor-heading-title elementor-size-default\">Die besten Rezepte von Elsass und Lothringen<\/h2>\t\t\t\t<\/div>\n\t\t\t\t<\/div>\n\t\t\t\t<div class=\"elementor-element elementor-element-0535734 elementor-widget elementor-widget-text-editor\" data-id=\"0535734\" data-element_type=\"widget\" data-e-type=\"widget\" data-widget_type=\"text-editor.default\">\n\t\t\t\t<div class=\"elementor-widget-container\">\n\t\t\t\t\t\t\t\t\t<p>Das Dorf * liegt nur ein paar Kilometer vom Col de la Schlucht, dem nat\u00fcrlichen Bindestrich zwischen Elsass und Lothringen, entfernt. Die K\u00fcche der Villa Eug\u00e8ne ist ein Spiegel dieser charaktervollen und traditionsbewussten Region.<\/p><p>Die an unserer Table d\u2018h\u00f4tes servierten Gerichte aus lokalen, authentischen Produkten erweisen der lothringischen und els\u00e4ssischen Gastronomie die verdiente Ehre.<\/p><p>Bei uns probieren Sie die besten Rezepte aus den Vogesen:<br \/>&gt;Tourte lorraine (lothringische Pastete) &gt; P\u00e2t\u00e9 lorrain (lothringische Terrine) &gt; Ger\u00e4uchertes &gt; Kn\u00f6pfle mit Speck oder B\u00e4rlauch &gt; Toffaille des hauts (Schweinefleisch-Kartoffel-Auflauf) &gt; Geriebener Vogesenk\u00e4se &gt; Forellen &gt; Quiche lorraine &gt; Blanc de Sautret mit Wei\u00dfwein\u2026<\/p><p>Wir schlagen Ihnen auch vor, die els\u00e4ssische Gastronomie auszuprobieren:<br \/>&gt;Sauerkraut &gt; Baeckeoffe (Obstkuchen) &gt; Huhn in Riesling\u2026<\/p><p>Ein paar Beispiele f\u00fcr Nachtische, bei denen Ihnen das Wasser im Mund zusammenl\u00e4uft:<br \/>&gt; Blaubeertorte &gt; Mirabellentorte &gt; Apfelk\u00fcchel &gt; Mousse au chocolat &gt; Birne Helene &gt; glasierter Gugelhupf &gt; Weihnachtspl\u00e4tzchen\u2026<\/p>\t\t\t\t\t\t\t\t<\/div>\n\t\t\t\t<\/div>\n\t\t\t\t\t<\/div>\n\t\t<\/div>\n\t\t\t\t<div class=\"elementor-column elementor-col-50 elementor-top-column elementor-element elementor-element-e09cc35\" data-id=\"e09cc35\" data-element_type=\"column\" data-e-type=\"column\" data-settings=\"{&quot;background_background&quot;:&quot;slideshow&quot;,&quot;background_slideshow_gallery&quot;:[{&quot;id&quot;:143,&quot;url&quot;:&quot;https:\\\/\\\/villaeugene.fr\\\/wp-content\\\/files\\\/2020\\\/01\\\/villa-eugene-maison-hotes-la-bresse-vosges-table-hotes-09-70.jpg&quot;},{&quot;id&quot;:133,&quot;url&quot;:&quot;https:\\\/\\\/villaeugene.fr\\\/wp-content\\\/files\\\/2020\\\/01\\\/villa-eugene-maison-hotes-la-bresse-vosges-table-hotes-01-62.jpg&quot;},{&quot;id&quot;:65,&quot;url&quot;:&quot;https:\\\/\\\/villaeugene.fr\\\/wp-content\\\/files\\\/2020\\\/01\\\/table-hotes-03.jpg&quot;},{&quot;id&quot;:3497,&quot;url&quot;:&quot;https:\\\/\\\/villaeugene.fr\\\/wp-content\\\/files\\\/2022\\\/05\\\/IMG_2459.jpg&quot;},{&quot;id&quot;:3485,&quot;url&quot;:&quot;https:\\\/\\\/villaeugene.fr\\\/wp-content\\\/files\\\/2022\\\/05\\\/IMG_2287.jpg&quot;},{&quot;id&quot;:3482,&quot;url&quot;:&quot;https:\\\/\\\/villaeugene.fr\\\/wp-content\\\/files\\\/2022\\\/05\\\/IMG_2281.jpg&quot;}],&quot;background_slideshow_slide_duration&quot;:3000,&quot;background_slideshow_loop&quot;:&quot;yes&quot;,&quot;background_slideshow_slide_transition&quot;:&quot;fade&quot;,&quot;background_slideshow_transition_duration&quot;:500}\">\n\t\t\t<div class=\"elementor-widget-wrap elementor-element-populated\">\n\t\t\t\t\t\t<div class=\"elementor-element elementor-element-40a7a54 elementor-widget elementor-widget-spacer\" data-id=\"40a7a54\" data-element_type=\"widget\" data-e-type=\"widget\" data-widget_type=\"spacer.default\">\n\t\t\t\t<div class=\"elementor-widget-container\">\n\t\t\t\t\t\t\t<div class=\"elementor-spacer\">\n\t\t\t<div class=\"elementor-spacer-inner\"><\/div>\n\t\t<\/div>\n\t\t\t\t\t\t<\/div>\n\t\t\t\t<\/div>\n\t\t\t\t\t<\/div>\n\t\t<\/div>\n\t\t\t\t\t<\/div>\n\t\t<\/section>\n\t\t\t\t<section class=\"elementor-section elementor-top-section elementor-element elementor-element-6969b77 elementor-section-full_width elementor-section-height-default elementor-section-height-default\" data-id=\"6969b77\" data-element_type=\"section\" data-e-type=\"section\">\n\t\t\t\t\t\t<div class=\"elementor-container elementor-column-gap-default\">\n\t\t\t\t\t<div class=\"elementor-column elementor-col-50 elementor-top-column elementor-element elementor-element-857074f\" data-id=\"857074f\" data-element_type=\"column\" data-e-type=\"column\" data-settings=\"{&quot;background_background&quot;:&quot;slideshow&quot;,&quot;background_slideshow_gallery&quot;:[{&quot;id&quot;:141,&quot;url&quot;:&quot;https:\\\/\\\/villaeugene.fr\\\/wp-content\\\/files\\\/2020\\\/01\\\/villa-eugene-maison-hotes-la-bresse-vosges-table-hotes-07-68.jpg&quot;},{&quot;id&quot;:140,&quot;url&quot;:&quot;https:\\\/\\\/villaeugene.fr\\\/wp-content\\\/files\\\/2020\\\/01\\\/villa-eugene-maison-hotes-la-bresse-vosges-table-hotes-06-67.jpg&quot;},{&quot;id&quot;:138,&quot;url&quot;:&quot;https:\\\/\\\/villaeugene.fr\\\/wp-content\\\/files\\\/2020\\\/01\\\/villa-eugene-maison-hotes-la-bresse-vosges-table-hotes-05-66.jpg&quot;},{&quot;id&quot;:142,&quot;url&quot;:&quot;https:\\\/\\\/villaeugene.fr\\\/wp-content\\\/files\\\/2020\\\/01\\\/villa-eugene-maison-hotes-la-bresse-vosges-table-hotes-08-69.jpg&quot;},{&quot;id&quot;:135,&quot;url&quot;:&quot;https:\\\/\\\/villaeugene.fr\\\/wp-content\\\/files\\\/2020\\\/01\\\/villa-eugene-maison-hotes-la-bresse-vosges-table-hotes-02-63.jpg&quot;},{&quot;id&quot;:3491,&quot;url&quot;:&quot;https:\\\/\\\/villaeugene.fr\\\/wp-content\\\/files\\\/2022\\\/05\\\/IMG_2296.jpg&quot;},{&quot;id&quot;:3494,&quot;url&quot;:&quot;https:\\\/\\\/villaeugene.fr\\\/wp-content\\\/files\\\/2022\\\/05\\\/IMG_2439.jpg&quot;},{&quot;id&quot;:2827,&quot;url&quot;:&quot;https:\\\/\\\/villaeugene.fr\\\/wp-content\\\/files\\\/2021\\\/05\\\/IMG_1857.jpg&quot;}],&quot;background_slideshow_slide_duration&quot;:3000,&quot;background_slideshow_loop&quot;:&quot;yes&quot;,&quot;background_slideshow_slide_transition&quot;:&quot;fade&quot;,&quot;background_slideshow_transition_duration&quot;:500}\">\n\t\t\t<div class=\"elementor-widget-wrap elementor-element-populated\">\n\t\t\t\t\t\t<div class=\"elementor-element elementor-element-02c8d7d elementor-widget elementor-widget-spacer\" data-id=\"02c8d7d\" data-element_type=\"widget\" data-e-type=\"widget\" data-widget_type=\"spacer.default\">\n\t\t\t\t<div class=\"elementor-widget-container\">\n\t\t\t\t\t\t\t<div class=\"elementor-spacer\">\n\t\t\t<div class=\"elementor-spacer-inner\"><\/div>\n\t\t<\/div>\n\t\t\t\t\t\t<\/div>\n\t\t\t\t<\/div>\n\t\t\t\t\t<\/div>\n\t\t<\/div>\n\t\t\t\t<div class=\"elementor-column elementor-col-50 elementor-top-column elementor-element elementor-element-33c3e96\" data-id=\"33c3e96\" data-element_type=\"column\" data-e-type=\"column\">\n\t\t\t<div class=\"elementor-widget-wrap elementor-element-populated\">\n\t\t\t\t\t\t<div class=\"elementor-element elementor-element-c8bbbff elementor-widget elementor-widget-heading\" data-id=\"c8bbbff\" data-element_type=\"widget\" data-e-type=\"widget\" data-widget_type=\"heading.default\">\n\t\t\t\t<div class=\"elementor-widget-container\">\n\t\t\t\t\t<h2 class=\"elementor-heading-title elementor-size-default\">Welche Vorteile bringt Ihnen unsere Table d\u2018h\u00f4tes?<\/h2>\t\t\t\t<\/div>\n\t\t\t\t<\/div>\n\t\t\t\t<div class=\"elementor-element elementor-element-16bc49d elementor-widget elementor-widget-text-editor\" data-id=\"16bc49d\" data-element_type=\"widget\" data-e-type=\"widget\" data-widget_type=\"text-editor.default\">\n\t\t\t\t<div class=\"elementor-widget-container\">\n\t\t\t\t\t\t\t\t\t<p>Eine Mahlzeit, die man an einer Table d\u2018h\u00f4tes einnimmt, ist ein Moment des Austauschs und der guten Laune mit gesundem, hausgemachtem Essen.<\/p><p>Damit Sie unser Essen wirklich genie\u00dfen k\u00f6nnen, bereiten wir die Mahlzeiten soweit wie m\u00f6glich nur mit frischen, lokalen Produkten zu. Wir bitten Sie, die Table d\u2018h\u00f4tes eine Woche im Voraus zu reservieren, weil das unsere Organisation erleichtert.<\/p><p>Diese Frist ist n\u00f6tig, damit wir Ihren Geschmack, m\u00f6glicherweise Ihre Di\u00e4t oder Allergien ber\u00fccksichtigen k\u00f6nnen, wie auch f\u00fcr die anderen am selben Tag anwesenden G\u00e4ste.<\/p><p>Die Table d\u2018h\u00f4tes besteht aus einer Vorspeise, dem Hauptgericht, K\u00e4se, Dessert, sowie dem Aperitif, dem Wein und dem Kaffee oder Tee. Das Men\u00fc kann f\u00fcr Kinder angepasst werden.<\/p><p>Das kleine Detail macht den Unterschied! Um die au\u00dfergew\u00f6hnliche Treue ihrer Kunden zu belohnen, notiert Claudine alle von Anfang an servierten Mahlzeiten in einem Heft. So kann sie Ihnen bei jedem Besuch andere Gerichte und Spezialit\u00e4ten vorsetzen.<\/p>\t\t\t\t\t\t\t\t<\/div>\n\t\t\t\t<\/div>\n\t\t\t\t<div class=\"elementor-element elementor-element-850d20b elementor-widget elementor-widget-text-editor\" data-id=\"850d20b\" data-element_type=\"widget\" data-e-type=\"widget\" data-widget_type=\"text-editor.default\">\n\t\t\t\t<div class=\"elementor-widget-container\">\n\t\t\t\t\t\t\t\t\t<p>Lassen Sie sich von unserem immer gro\u00dfz\u00fcgigen Ambiente verf\u00fchren!<\/p>\t\t\t\t\t\t\t\t<\/div>\n\t\t\t\t<\/div>\n\t\t\t\t\t<\/div>\n\t\t<\/div>\n\t\t\t\t\t<\/div>\n\t\t<\/section>\n\t\t\t\t<\/div>\n\t\t","protected":false},"excerpt":{"rendered":"<p>Geteilte Freude &amp; Geselligkeit rund um gute Produkte. Table D&#8217;h\u00f4tes Und Bed &amp; Breakfast Uns La Bresse Der ger\u00e4umige Speisesaal mit den interessanten Zierleisten empf\u00e4ngt Sie zum Fr\u00fchst\u00fcck und Abendessen an der gro\u00dfen Familientafel. 33\u20ac* Erwachsene 19,50\u20ac* Kind 7\/13 14,50\u20ac* Kind 3\/6\u00a0 Mahlzeiten f\u00fcr Kinder unter 3 Jahren angebotenAbendessen auf Reservierung* Aperitif, Wein und Kaffee [&hellip;]<\/p>\n","protected":false},"author":4,"featured_media":1570,"parent":0,"menu_order":0,"comment_status":"closed","ping_status":"closed","template":"","meta":{"footnotes":""},"class_list":["post-2311","page","type-page","status-publish","has-post-thumbnail","hentry"],"_links":{"self":[{"href":"https:\/\/villaeugene.fr\/de\/wp-json\/wp\/v2\/pages\/2311","targetHints":{"allow":["GET"]}}],"collection":[{"href":"https:\/\/villaeugene.fr\/de\/wp-json\/wp\/v2\/pages"}],"about":[{"href":"https:\/\/villaeugene.fr\/de\/wp-json\/wp\/v2\/types\/page"}],"author":[{"embeddable":true,"href":"https:\/\/villaeugene.fr\/de\/wp-json\/wp\/v2\/users\/4"}],"replies":[{"embeddable":true,"href":"https:\/\/villaeugene.fr\/de\/wp-json\/wp\/v2\/comments?post=2311"}],"version-history":[{"count":12,"href":"https:\/\/villaeugene.fr\/de\/wp-json\/wp\/v2\/pages\/2311\/revisions"}],"predecessor-version":[{"id":5171,"href":"https:\/\/villaeugene.fr\/de\/wp-json\/wp\/v2\/pages\/2311\/revisions\/5171"}],"wp:featuredmedia":[{"embeddable":true,"href":"https:\/\/villaeugene.fr\/de\/wp-json\/wp\/v2\/media\/1570"}],"wp:attachment":[{"href":"https:\/\/villaeugene.fr\/de\/wp-json\/wp\/v2\/media?parent=2311"}],"curies":[{"name":"wp","href":"https:\/\/api.w.org\/{rel}","templated":true}]}}